{"id":14,"date":"2021-11-21T15:14:19","date_gmt":"2021-11-21T15:14:19","guid":{"rendered":"https:\/\/drfranciscocarvalho.pt\/?page_id=14"},"modified":"2025-06-23T10:02:17","modified_gmt":"2025-06-23T10:02:17","slug":"biografia","status":"publish","type":"page","link":"https:\/\/drfranciscocarvalho.pt\/?page_id=14","title":{"rendered":"BIOGRAFIA"},"content":{"rendered":"\t\t<div data-elementor-type=\"wp-page\" data-elementor-id=\"14\" class=\"elementor elementor-14\">\n\t\t\t\t\t\t\t\t\t<section class=\"elementor-section elementor-top-section elementor-element elementor-element-c8ddeb6 elementor-section-height-min-height elementor-section-boxed elementor-section-height-default elementor-section-items-middle\" data-id=\"c8ddeb6\" data-element_type=\"section\" data-settings=\"{&quot;background_background&quot;:&quot;classic&quot;}\">\n\t\t\t\t\t\t\t<div class=\"elementor-background-overlay\"><\/div>\n\t\t\t\t\t\t\t<div class=\"elementor-container elementor-column-gap-default\">\n\t\t\t\t\t<div class=\"elementor-column elementor-col-100 elementor-top-column elementor-element elementor-element-6a5337e\" data-id=\"6a5337e\" data-element_type=\"column\">\n\t\t\t<div class=\"elementor-widget-wrap elementor-element-populated\">\n\t\t\t\t\t\t\t\t<div class=\"elementor-element elementor-element-feefb6c e-transform e-transform elementor-invisible elementor-widget elementor-widget-heading\" data-id=\"feefb6c\" data-element_type=\"widget\" data-settings=\"{&quot;_animation&quot;:&quot;fadeIn&quot;,&quot;_transform_translateX_effect&quot;:{&quot;unit&quot;:&quot;px&quot;,&quot;size&quot;:&quot;&quot;,&quot;sizes&quot;:[]},&quot;_transform_translateX_effect_tablet&quot;:{&quot;unit&quot;:&quot;px&quot;,&quot;size&quot;:&quot;&quot;,&quot;sizes&quot;:[]},&quot;_transform_translateX_effect_mobile&quot;:{&quot;unit&quot;:&quot;px&quot;,&quot;size&quot;:&quot;&quot;,&quot;sizes&quot;:[]},&quot;_transform_translateY_effect&quot;:{&quot;unit&quot;:&quot;px&quot;,&quot;size&quot;:&quot;&quot;,&quot;sizes&quot;:[]},&quot;_transform_translateY_effect_tablet&quot;:{&quot;unit&quot;:&quot;px&quot;,&quot;size&quot;:&quot;&quot;,&quot;sizes&quot;:[]},&quot;_transform_translateY_effect_mobile&quot;:{&quot;unit&quot;:&quot;px&quot;,&quot;size&quot;:&quot;&quot;,&quot;sizes&quot;:[]},&quot;_transform_skewX_effect&quot;:{&quot;unit&quot;:&quot;px&quot;,&quot;size&quot;:&quot;&quot;,&quot;sizes&quot;:[]},&quot;_transform_skewX_effect_tablet&quot;:{&quot;unit&quot;:&quot;deg&quot;,&quot;size&quot;:&quot;&quot;,&quot;sizes&quot;:[]},&quot;_transform_skewX_effect_mobile&quot;:{&quot;unit&quot;:&quot;deg&quot;,&quot;size&quot;:&quot;&quot;,&quot;sizes&quot;:[]},&quot;_transform_skewY_effect&quot;:{&quot;unit&quot;:&quot;px&quot;,&quot;size&quot;:&quot;&quot;,&quot;sizes&quot;:[]},&quot;_transform_skewY_effect_tablet&quot;:{&quot;unit&quot;:&quot;deg&quot;,&quot;size&quot;:&quot;&quot;,&quot;sizes&quot;:[]},&quot;_transform_skewY_effect_mobile&quot;:{&quot;unit&quot;:&quot;deg&quot;,&quot;size&quot;:&quot;&quot;,&quot;sizes&quot;:[]}}\" data-widget_type=\"heading.default\">\n\t\t\t\t<div class=\"elementor-widget-container\">\n\t\t\t<style>\/*! elementor - v3.18.0 - 20-12-2023 *\/\n.elementor-heading-title{padding:0;margin:0;line-height:1}.elementor-widget-heading .elementor-heading-title[class*=elementor-size-]>a{color:inherit;font-size:inherit;line-height:inherit}.elementor-widget-heading .elementor-heading-title.elementor-size-small{font-size:15px}.elementor-widget-heading .elementor-heading-title.elementor-size-medium{font-size:19px}.elementor-widget-heading .elementor-heading-title.elementor-size-large{font-size:29px}.elementor-widget-heading .elementor-heading-title.elementor-size-xl{font-size:39px}.elementor-widget-heading .elementor-heading-title.elementor-size-xxl{font-size:59px}<\/style><h4 class=\"elementor-heading-title elementor-size-default\"><i>BIOGRAFIA<\/i><\/h4>\t\t<\/div>\n\t\t\t\t<\/div>\n\t\t\t\t\t<\/div>\n\t\t<\/div>\n\t\t\t\t\t\t\t<\/div>\n\t\t<\/section>\n\t\t\t\t<section class=\"elementor-section elementor-top-section elementor-element elementor-element-31dcac0 elementor-section-boxed elementor-section-height-default elementor-section-height-default\" data-id=\"31dcac0\" data-element_type=\"section\">\n\t\t\t\t\t\t<div class=\"elementor-container elementor-column-gap-default\">\n\t\t\t\t\t<div class=\"elementor-column elementor-col-66 elementor-top-column elementor-element elementor-element-bbdb6fb\" data-id=\"bbdb6fb\" data-element_type=\"column\">\n\t\t\t<div class=\"elementor-widget-wrap elementor-element-populated\">\n\t\t\t\t\t\t\t\t<div class=\"elementor-element elementor-element-bb08902 elementor-widget elementor-widget-heading\" data-id=\"bb08902\" data-element_type=\"widget\" data-widget_type=\"heading.default\">\n\t\t\t\t<div class=\"elementor-widget-container\">\n\t\t\t<h4 class=\"elementor-heading-title elementor-size-default\">Dr. Francisco Carvalho<\/h4>\t\t<\/div>\n\t\t\t\t<\/div>\n\t\t\t\t<div class=\"elementor-element elementor-element-e0fb342 elementor-widget elementor-widget-text-editor\" data-id=\"e0fb342\" data-element_type=\"widget\" data-widget_type=\"text-editor.default\">\n\t\t\t\t<div class=\"elementor-widget-container\">\n\t\t\t<style>\/*! elementor - v3.18.0 - 20-12-2023 *\/\n.elementor-widget-text-editor.elementor-drop-cap-view-stacked .elementor-drop-cap{background-color:#69727d;color:#fff}.elementor-widget-text-editor.elementor-drop-cap-view-framed .elementor-drop-cap{color:#69727d;border:3px solid;background-color:transparent}.elementor-widget-text-editor:not(.elementor-drop-cap-view-default) .elementor-drop-cap{margin-top:8px}.elementor-widget-text-editor:not(.elementor-drop-cap-view-default) .elementor-drop-cap-letter{width:1em;height:1em}.elementor-widget-text-editor .elementor-drop-cap{float:left;text-align:center;line-height:1;font-size:50px}.elementor-widget-text-editor .elementor-drop-cap-letter{display:inline-block}<\/style>\t\t\t\t<p class=\"p1\">O Dr. Francisco Martins de Carvalho \u00e9\u00a0<b>Especialista em Cirurgia Pl\u00e1stica, Reconstrutiva e Est\u00e9tica<\/b>. (C\u00e9dula Profissional 53318)<\/p><p class=\"p1\">Realizou a sua licenciatura em Medicina na Faculdade de Medicina da Universidade do Porto e o Internato de Forma\u00e7\u00e3o Espec\u00edfica em Cirurgia Pl\u00e1stica, Reconstrutiva e Est\u00e9tica decorreu no Hospital de S\u00e3o Jos\u00e9 (Lisboa) e no Hospital de S\u00e3o Jo\u00e3o (Porto).<\/p><p class=\"p1\">Realizou diversos est\u00e1gios, nomedamente de Cirurgia Oncol\u00f3gica da Cabe\u00e7a e Pesco\u00e7o no Instituto Portugu\u00eas de Oncologia \u2013 Porto e um fellowship de Cirurgia da M\u00e3o, organizado pela Sociedade Portuguesa de Cirurgia da M\u00e3o. Realizou tamb\u00e9m est\u00e1gios internacionais em Cirurgia Est\u00e9tica, Reconstru\u00e7\u00e3o Mam\u00e1ria e Linfedema na Cl\u00ednica Planas \u2013 Barcelona, no Hospital Universit\u00e1rio de Bruxelas e na Cl\u00ednica Villa Sant\u2019Apollonia \u2013 Bergamo, tendo contactado com refer\u00eancias na Cirurgia Pl\u00e1stica como o Dr. Jaume Masi\u00e0, Dr. Moustapha Hamdi e Dr. Enrico Robotti.<\/p><p class=\"p1\">Atualmente exerce a sua actividade no\u00a0<b>Hospital de S\u00e3o Jo\u00e3o<\/b>\u00a0\u2013 Porto, sendo tamb\u00e9m Docente Convidado na\u00a0<b>Faculdade de Medicina da Universidade do Porto<\/b>.<\/p><p class=\"p1\">No campo da cirurgia est\u00e9tica, tem especial interesse por <b>cirurgia estetica da mama<\/b>, <b>cirurgia est\u00e9tica da face<\/b>, cirurgia de\u00a0<b>contorno corporal<\/b>\u00a0e\u00a0<b>cirurgia \u00edntima feminina.<\/b><\/p>\t\t\t\t\t\t<\/div>\n\t\t\t\t<\/div>\n\t\t\t\t\t<\/div>\n\t\t<\/div>\n\t\t\t\t<div class=\"elementor-column elementor-col-33 elementor-top-column elementor-element elementor-element-c1e4ff9\" data-id=\"c1e4ff9\" data-element_type=\"column\">\n\t\t\t<div class=\"elementor-widget-wrap elementor-element-populated\">\n\t\t\t\t\t\t\t\t<div class=\"elementor-element elementor-element-9fdb291 elementor-invisible elementor-widget elementor-widget-image\" data-id=\"9fdb291\" data-element_type=\"widget\" data-settings=\"{&quot;_animation&quot;:&quot;slideInRight&quot;}\" data-widget_type=\"image.default\">\n\t\t\t\t<div class=\"elementor-widget-container\">\n\t\t\t<style>\/*! elementor - v3.18.0 - 20-12-2023 *\/\n.elementor-widget-image{text-align:center}.elementor-widget-image a{display:inline-block}.elementor-widget-image a img[src$=\".svg\"]{width:48px}.elementor-widget-image img{vertical-align:middle;display:inline-block}<\/style>\t\t\t\t\t\t\t\t\t\t\t\t<img fetchpriority=\"high\" decoding=\"async\" width=\"4278\" height=\"6417\" src=\"https:\/\/drfranciscocarvalho.pt\/wp-content\/uploads\/2024\/01\/DLP_7374.png\" class=\"attachment-full size-full wp-image-2627\" alt=\"\" srcset=\"https:\/\/drfranciscocarvalho.pt\/wp-content\/uploads\/2024\/01\/DLP_7374.png 4278w, https:\/\/drfranciscocarvalho.pt\/wp-content\/uploads\/2024\/01\/DLP_7374-200x300.png 200w, https:\/\/drfranciscocarvalho.pt\/wp-content\/uploads\/2024\/01\/DLP_7374-683x1024.png 683w, https:\/\/drfranciscocarvalho.pt\/wp-content\/uploads\/2024\/01\/DLP_7374-768x1152.png 768w, https:\/\/drfranciscocarvalho.pt\/wp-content\/uploads\/2024\/01\/DLP_7374-1024x1536.png 1024w, https:\/\/drfranciscocarvalho.pt\/wp-content\/uploads\/2024\/01\/DLP_7374-1365x2048.png 1365w\" sizes=\"(max-width: 4278px) 100vw, 4278px\" \/>\t\t\t\t\t\t\t\t\t\t\t\t\t\t\t<\/div>\n\t\t\t\t<\/div>\n\t\t\t\t\t<\/div>\n\t\t<\/div>\n\t\t\t\t\t\t\t<\/div>\n\t\t<\/section>\n\t\t\t\t<footer class=\"elementor-section elementor-top-section elementor-element elementor-element-c721313 elementor-section-boxed elementor-section-height-default elementor-section-height-default\" data-id=\"c721313\" data-element_type=\"section\" data-settings=\"{&quot;background_background&quot;:&quot;classic&quot;}\">\n\t\t\t\t\t\t<div class=\"elementor-container elementor-column-gap-default\">\n\t\t\t\t\t<div class=\"elementor-column elementor-col-25 elementor-top-column elementor-element elementor-element-c7f22a5\" data-id=\"c7f22a5\" data-element_type=\"column\">\n\t\t\t<div class=\"elementor-widget-wrap elementor-element-populated\">\n\t\t\t\t\t\t\t\t<div class=\"elementor-element elementor-element-ced0f59 elementor-widget elementor-widget-heading\" data-id=\"ced0f59\" data-element_type=\"widget\" data-widget_type=\"heading.default\">\n\t\t\t\t<div class=\"elementor-widget-container\">\n\t\t\t<h4 class=\"elementor-heading-title elementor-size-default\">Bio<\/h4>\t\t<\/div>\n\t\t\t\t<\/div>\n\t\t\t\t<div class=\"elementor-element elementor-element-b117bd7 elementor-widget elementor-widget-text-editor\" data-id=\"b117bd7\" data-element_type=\"widget\" data-widget_type=\"text-editor.default\">\n\t\t\t\t<div class=\"elementor-widget-container\">\n\t\t\t\t\t\t\t<p>O Dr. Francisco Martins de Carvalho \u00e9\u00a0Especialista em Cirurgia Pl\u00e1stica, Reconstrutiva e Est\u00e9tica.<\/p><p><strong><a href=\"https:\/\/drfranciscocarvalho.pt\/?page_id=14\">Saber mais<\/a><\/strong><\/p>\t\t\t\t\t\t<\/div>\n\t\t\t\t<\/div>\n\t\t\t\t\t<\/div>\n\t\t<\/div>\n\t\t\t\t<div class=\"elementor-column elementor-col-25 elementor-top-column elementor-element elementor-element-149300d\" data-id=\"149300d\" data-element_type=\"column\">\n\t\t\t<div class=\"elementor-widget-wrap elementor-element-populated\">\n\t\t\t\t\t\t\t\t<div class=\"elementor-element elementor-element-dc0386f elementor-widget elementor-widget-heading\" data-id=\"dc0386f\" data-element_type=\"widget\" data-widget_type=\"heading.default\">\n\t\t\t\t<div class=\"elementor-widget-container\">\n\t\t\t<h4 class=\"elementor-heading-title elementor-size-default\">Agendamentos<\/h4>\t\t<\/div>\n\t\t\t\t<\/div>\n\t\t\t\t<div class=\"elementor-element elementor-element-e3e7da5 elementor-widget elementor-widget-text-editor\" data-id=\"e3e7da5\" data-element_type=\"widget\" data-widget_type=\"text-editor.default\">\n\t\t\t\t<div class=\"elementor-widget-container\">\n\t\t\t\t\t\t\t<p><strong>LIVING CLINIC- <\/strong>+351 22 105 700<\/p>\t\t\t\t\t\t<\/div>\n\t\t\t\t<\/div>\n\t\t\t\t<div class=\"elementor-element elementor-element-0559b27 elementor-widget elementor-widget-text-editor\" data-id=\"0559b27\" data-element_type=\"widget\" data-widget_type=\"text-editor.default\">\n\t\t\t\t<div class=\"elementor-widget-container\">\n\t\t\t\t\t\t\t<p><strong>GRUPO TROFA BRAGA CENTRO- <\/strong>+351 253 140 700<\/p>\t\t\t\t\t\t<\/div>\n\t\t\t\t<\/div>\n\t\t\t\t\t<\/div>\n\t\t<\/div>\n\t\t\t\t<div class=\"elementor-column elementor-col-25 elementor-top-column elementor-element elementor-element-4dfbfb5\" data-id=\"4dfbfb5\" data-element_type=\"column\">\n\t\t\t<div class=\"elementor-widget-wrap elementor-element-populated\">\n\t\t\t\t\t\t\t\t<div class=\"elementor-element elementor-element-e2981b5 elementor-widget elementor-widget-heading\" data-id=\"e2981b5\" data-element_type=\"widget\" data-widget_type=\"heading.default\">\n\t\t\t\t<div class=\"elementor-widget-container\">\n\t\t\t<h4 class=\"elementor-heading-title elementor-size-default\">Cl\u00ednicas<\/h4>\t\t<\/div>\n\t\t\t\t<\/div>\n\t\t\t\t<div class=\"elementor-element elementor-element-a0fcc01 elementor-widget elementor-widget-image\" data-id=\"a0fcc01\" data-element_type=\"widget\" data-widget_type=\"image.default\">\n\t\t\t\t<div class=\"elementor-widget-container\">\n\t\t\t\t\t\t\t\t\t\t\t\t\t\t\t\t<a href=\"https:\/\/livingclinic.pt\/\">\n\t\t\t\t\t\t\t<img decoding=\"async\" width=\"1091\" height=\"307\" src=\"https:\/\/drfranciscocarvalho.pt\/wp-content\/uploads\/2023\/07\/living-e1694381980967.webp\" class=\"attachment-full size-full wp-image-2253\" alt=\"\" srcset=\"https:\/\/drfranciscocarvalho.pt\/wp-content\/uploads\/2023\/07\/living-e1694381980967.webp 1091w, https:\/\/drfranciscocarvalho.pt\/wp-content\/uploads\/2023\/07\/living-e1694381980967-300x84.webp 300w, https:\/\/drfranciscocarvalho.pt\/wp-content\/uploads\/2023\/07\/living-e1694381980967-1024x288.webp 1024w, https:\/\/drfranciscocarvalho.pt\/wp-content\/uploads\/2023\/07\/living-e1694381980967-768x216.webp 768w\" sizes=\"(max-width: 1091px) 100vw, 1091px\" \/>\t\t\t\t\t\t\t\t<\/a>\n\t\t\t\t\t\t\t\t\t\t\t\t\t\t\t<\/div>\n\t\t\t\t<\/div>\n\t\t\t\t\t<\/div>\n\t\t<\/div>\n\t\t\t\t<div class=\"elementor-column elementor-col-25 elementor-top-column elementor-element elementor-element-9aa837b\" data-id=\"9aa837b\" data-element_type=\"column\">\n\t\t\t<div class=\"elementor-widget-wrap elementor-element-populated\">\n\t\t\t\t\t\t\t\t<div class=\"elementor-element elementor-element-6562beb elementor-widget elementor-widget-image\" data-id=\"6562beb\" data-element_type=\"widget\" data-widget_type=\"image.default\">\n\t\t\t\t<div class=\"elementor-widget-container\">\n\t\t\t\t\t\t\t\t\t\t\t\t\t\t\t\t<a href=\"https:\/\/drfranciscocarvalho.pt\/\">\n\t\t\t\t\t\t\t<img decoding=\"async\" width=\"958\" height=\"302\" src=\"https:\/\/drfranciscocarvalho.pt\/wp-content\/uploads\/2023\/07\/FRANCISCO-CARVALHO-4-e1708354662357.png\" class=\"attachment-full size-full wp-image-2668\" alt=\"\" srcset=\"https:\/\/drfranciscocarvalho.pt\/wp-content\/uploads\/2023\/07\/FRANCISCO-CARVALHO-4-e1708354662357.png 958w, https:\/\/drfranciscocarvalho.pt\/wp-content\/uploads\/2023\/07\/FRANCISCO-CARVALHO-4-e1708354662357-300x95.png 300w, https:\/\/drfranciscocarvalho.pt\/wp-content\/uploads\/2023\/07\/FRANCISCO-CARVALHO-4-e1708354662357-768x242.png 768w\" sizes=\"(max-width: 958px) 100vw, 958px\" \/>\t\t\t\t\t\t\t\t<\/a>\n\t\t\t\t\t\t\t\t\t\t\t\t\t\t\t<\/div>\n\t\t\t\t<\/div>\n\t\t\t\t\t<\/div>\n\t\t<\/div>\n\t\t\t\t\t\t\t<\/div>\n\t\t<\/footer>\n\t\t\t\t\t\t\t<\/div>\n\t\t","protected":false},"excerpt":{"rendered":"<p>BIOGRAFIA Dr. Francisco Carvalho O Dr. Francisco Martins de Carvalho \u00e9\u00a0Especialista em Cirurgia Pl\u00e1stica, Reconstrutiva e Est\u00e9tica. (C\u00e9dula Profissional 53318) Realizou a sua licenciatura em Medicina na Faculdade de Medicina da Universidade do Porto e o Internato de Forma\u00e7\u00e3o Espec\u00edfica em Cirurgia Pl\u00e1stica, Reconstrutiva e Est\u00e9tica decorreu no Hospital de S\u00e3o Jos\u00e9 (Lisboa) e no [&hellip;]<\/p>\n","protected":false},"author":1,"featured_media":0,"parent":0,"menu_order":0,"comment_status":"closed","ping_status":"closed","template":"elementor_header_footer","meta":{"site-sidebar-layout":"no-sidebar","site-content-layout":"page-builder","ast-site-content-layout":"","site-content-style":"default","site-sidebar-style":"default","ast-global-header-display":"","ast-banner-title-visibility":"","ast-main-header-display":"","ast-hfb-above-header-display":"","ast-hfb-below-header-display":"","ast-hfb-mobile-header-display":"","site-post-title":"disabled","ast-breadcrumbs-content":"","ast-featured-img":"disabled","footer-sml-layout":"","theme-transparent-header-meta":"enabled","adv-header-id-meta":"","stick-header-meta":"","header-above-stick-meta":"","header-main-stick-meta":"","header-below-stick-meta":"","astra-migrate-meta-layouts":"default","ast-page-background-enabled":"default","ast-page-background-meta":{"desktop":{"background-color":"var(--ast-global-color-4)","background-image":"","background-repeat":"repeat","background-position":"center center","background-size":"auto","background-attachment":"scroll","background-type":"","background-media":"","overlay-type":"","overlay-color":"","overlay-gradient":""},"tablet":{"background-color":"","background-image":"","background-repeat":"repeat","background-position":"center center","background-size":"auto","background-attachment":"scroll","background-type":"","background-media":"","overlay-type":"","overlay-color":"","overlay-gradient":""},"mobile":{"background-color":"","background-image":"","background-repeat":"repeat","background-position":"center center","background-size":"auto","background-attachment":"scroll","background-type":"","background-media":"","overlay-type":"","overlay-color":"","overlay-gradient":""}},"ast-content-background-meta":{"desktop":{"background-color":"var(--ast-global-color-5)","background-image":"","background-repeat":"repeat","background-position":"center center","background-size":"auto","background-attachment":"scroll","background-type":"","background-media":"","overlay-type":"","overlay-color":"","overlay-gradient":""},"tablet":{"background-color":"var(--ast-global-color-5)","background-image":"","background-repeat":"repeat","background-position":"center center","background-size":"auto","background-attachment":"scroll","background-type":"","background-media":"","overlay-type":"","overlay-color":"","overlay-gradient":""},"mobile":{"background-color":"var(--ast-global-color-5)","background-image":"","background-repeat":"repeat","background-position":"center center","background-size":"auto","background-attachment":"scroll","background-type":"","background-media":"","overlay-type":"","overlay-color":"","overlay-gradient":""}}},"_links":{"self":[{"href":"https:\/\/drfranciscocarvalho.pt\/index.php?rest_route=\/wp\/v2\/pages\/14"}],"collection":[{"href":"https:\/\/drfranciscocarvalho.pt\/index.php?rest_route=\/wp\/v2\/pages"}],"about":[{"href":"https:\/\/drfranciscocarvalho.pt\/index.php?rest_route=\/wp\/v2\/types\/page"}],"author":[{"embeddable":true,"href":"https:\/\/drfranciscocarvalho.pt\/index.php?rest_route=\/wp\/v2\/users\/1"}],"replies":[{"embeddable":true,"href":"https:\/\/drfranciscocarvalho.pt\/index.php?rest_route=%2Fwp%2Fv2%2Fcomments&post=14"}],"version-history":[{"count":50,"href":"https:\/\/drfranciscocarvalho.pt\/index.php?rest_route=\/wp\/v2\/pages\/14\/revisions"}],"predecessor-version":[{"id":3136,"href":"https:\/\/drfranciscocarvalho.pt\/index.php?rest_route=\/wp\/v2\/pages\/14\/revisions\/3136"}],"wp:attachment":[{"href":"https:\/\/drfranciscocarvalho.pt\/index.php?rest_route=%2Fwp%2Fv2%2Fmedia&parent=14"}],"curies":[{"name":"wp","href":"https:\/\/api.w.org\/{rel}","templated":true}]}}